{"id":477850,"date":"2015-06-20T22:12:30","date_gmt":"2015-06-20T20:12:30","guid":{"rendered":"http:\/\/armahobbynews.pl\/?page_id=477850"},"modified":"2015-06-20T22:12:30","modified_gmt":"2015-06-20T20:12:30","slug":"website","status":"publish","type":"page","link":"https:\/\/armahobbynews.pl\/en\/website\/","title":{"rendered":"Website"},"content":{"rendered":"<h2>Content is temporary unavailbale<\/h2>\n<p>Please sign to newsletter to receive updates<\/p>\n<h2 style=\"text-align: justify;\">Sign for newsletter!<\/h2>\n<p><script type=\"text\/javascript\" language=\"javascript\">\/\/ <![CDATA[\nfunction SprawdzFormularz(f){ \t\t\tif(f.email.value==''){ \t\t\t\talert('Nie poda\u0142e\u015b\/a\u015b adresu e-mail.'); \t\t\t\treturn false; \t\t\t} \t\t\tif( (f.email.value.indexOf('@',1)==-1)||(f.email.value.indexOf('.',1)==-1) ) { \t\t\t\talert('Poda\u0142e\u015b\/a\u015b b\u0142\u0119dny adres e-mail.'); \t\t\t\treturn false; \t\t\t} \t\t\t\tif(f.imie.value==''){ \t\t\t\t\talert('Nie poda\u0142e\u015b\/a\u015b swojego imienia.'); \t\t\t\t\treturn false; \t\t\t\t} \t\t\t\tif(f.nazwisko.value==''){ \t\t\t\t\talert('Nie poda\u0142e\u015b\/a\u015b swojego nazwiska.'); \t\t\t\t\treturn false; \t\t\t\t} \t\t\t\tif(f.pp.checked==false){ \t\t\t\t\talert('Musisz zgodzi\u0107 si\u0119 z Polityk\u0105 Prywatno\u015bci.'); \t\t\t\t\treturn false; \t\t\t\t} \t\t\t\treturn true; \t\t\t}\n\/\/ ]]&gt;\n\/\/ ]]><\/script><\/p>\n<form action=\"http:\/\/implebot.com\/post.php\" method=\"post\" name=\"implebot.plSHOW\">\n<table>\n<tbody>\n<tr>\n<td align=\"right\"><input name=\"uid\" type=\"hidden\" value=\"98093\" \/><\/p>\n<p>Email :<\/td>\n<td><input name=\"email\" type=\"text\" \/><\/td>\n<\/tr>\n<tr>\n<td align=\"right\">name :<\/td>\n<td><input name=\"imie\" type=\"text\" \/><\/td>\n<\/tr>\n<tr>\n<td align=\"right\">surname:<\/td>\n<td><input name=\"nazwisko\" type=\"text\" \/><\/td>\n<\/tr>\n<\/tbody>\n<\/table>\n<p><input name=\"zrodlo\" type=\"hidden\" value=\"armahobbynews.com\" \/>I agree with <input checked=\"checked\" name=\"pp\" type=\"checkbox\" \/><a href=\"https:\/\/armahobbynews.pl\/en\/privacy-policy\/\">privacy policy<\/a><\/p>\n<p><input type=\"submit\" value=\"submit\" \/><\/p>\n<\/form>\n","protected":false},"excerpt":{"rendered":"<p>Content is temporary unavailbale Please sign to newsletter to receive updates Sign for newsletter! Email : name : surname: I agree with privacy policy<\/p>\n","protected":false},"author":1,"featured_media":0,"parent":0,"menu_order":0,"comment_status":"open","ping_status":"open","template":"","meta":{"_et_pb_use_builder":"","_et_pb_old_content":"","_et_gb_content_width":"","footnotes":""},"class_list":["post-477850","page","type-page","status-publish","hentry"],"_links":{"self":[{"href":"https:\/\/armahobbynews.pl\/en\/wp-json\/wp\/v2\/pages\/477850","targetHints":{"allow":["GET"]}}],"collection":[{"href":"https:\/\/armahobbynews.pl\/en\/wp-json\/wp\/v2\/pages"}],"about":[{"href":"https:\/\/armahobbynews.pl\/en\/wp-json\/wp\/v2\/types\/page"}],"author":[{"embeddable":true,"href":"https:\/\/armahobbynews.pl\/en\/wp-json\/wp\/v2\/users\/1"}],"replies":[{"embeddable":true,"href":"https:\/\/armahobbynews.pl\/en\/wp-json\/wp\/v2\/comments?post=477850"}],"version-history":[{"count":1,"href":"https:\/\/armahobbynews.pl\/en\/wp-json\/wp\/v2\/pages\/477850\/revisions"}],"predecessor-version":[{"id":477852,"href":"https:\/\/armahobbynews.pl\/en\/wp-json\/wp\/v2\/pages\/477850\/revisions\/477852"}],"wp:attachment":[{"href":"https:\/\/armahobbynews.pl\/en\/wp-json\/wp\/v2\/media?parent=477850"}],"curies":[{"name":"wp","href":"https:\/\/api.w.org\/{rel}","templated":true}]}}